{"id":2,"date":"2017-07-06T12:03:58","date_gmt":"2017-07-06T10:03:58","guid":{"rendered":"http:\/\/www.schroederbusse.de\/?page_id=2"},"modified":"2020-11-27T10:16:25","modified_gmt":"2020-11-27T09:16:25","slug":"dr-dennis-eifert","status":"publish","type":"page","link":"https:\/\/www.schroederbusse.de\/en\/sozietaet\/dr-dennis-eifert\/","title":{"rendered":"Dr. Dennis Eifert"},"content":{"rendered":"<p><\/p>\n<div class=\"entry-content\">\n<div class=\"content-left\">\n<h1>Dr. Dennis Eifert (Partner)<\/h1>\n<h3>Attorney at law and notary public<\/h3>\n<div class=\"single-featured-image-header\"><img loading=\"lazy\" decoding=\"async\" class=\"alignnone size-full wp-image-62\" src=\"http:\/\/www.schroederbusse.de\/wp-content\/uploads\/2017\/08\/person1.jpg\" alt=\"\" width=\"600\" height=\"320\" \/><\/div>\n<div class=\"content-left-inner\">\n<p>Dr. Dennis Eifert studied law in Frankfurt am Main and at Keele University (England). He has been licensed as an attorney since 2007 and as a notary public since 2013. Before joining Schr\u00f6der &amp; Busse, he completed his internship with a large international law firm in Frankfurt am Main and a law firm in New York.<\/p>\n<p>Dr. Dennis Eifert focuses his legal advice on contract law and company law (in particular in the area of corporate acquisitions\/M&amp;A) and on real-estate matters. He successfully completed the specialisation course for intellectual property rights and also consults marketing agencies in all areas of advertising and media law, as well as in matters of data protection.<\/p>\n<h2>Publications\/memberships:<\/h2>\n<ul>\n<li>Member of the Deutsch-Britische Juristenvereinigung e.V. [German-British lawyers&#8217; association]<\/li>\n<li>Member of the Arbeitsgemeinschaft Geistiges Eigentum &amp; Medien[work group for intellectual property &amp; media] of the Deutsche Anwaltsverein [German lawyers&#8217; association]<\/li>\n<li>Co-Author of the commentary Gesamtes Gemeinn\u00fctzigkeitsrecht [overall non-profit law] Stefan Winheller, Prof. Dr. Stefan Geibel, RiBFH Prof. Dr. Monika Jachmann-Michel (editor), Nomos-Verlag, 1st edition 2017 (schedule gGmbH to sec 51 AO [cost laws])<\/li>\n<li>Author of the book &#8220;Die Zukunft der Geschlossenen Gesellschaft in Europa&#8221; [The future of the closed society in Europe] Jurawelt vol. 126, Tenea Verlag, Berlin 2007<\/li>\n<\/ul>\n<\/div>\n<\/div>\n<div class=\"content-right\">\n<h4>Languages<\/h4>\n<p>German \/ English<br \/>\n(business level)<\/p>\n<h4>Contact<\/h4>\n<p><a href=\"https:\/\/www.schroederbusse.de\/wp-content\/uploads\/2020\/11\/Dr.-Dennis-Eifert-Gesellschafter.vcf\">V-Card Download<\/a><br \/>\n<a href=\"mailto:denni&#115;&#46;&#101;&#105;&#102;&#101;&#114;&#116;&#64;&#115;&#99;&#104;&#114;&#111;&#101;&#x64;&#x65;&#x72;&#x62;&#x75;&#x73;&#x73;&#x65;&#x2e;&#x64;&#x65;\">&#x64;&#x65;&#x6e;&#x6e;&#x69;&#x73;&#x2e;&#x65;&#x69;&#x66;&#x65;&#x72;&#x74;&#x40;&#115;&#99;&#104;&#114;&#111;&#101;&#100;&#101;&#114;&#98;&#117;sse&#46;de<\/a><br \/>\nMainzer Landstra\u00dfe 69 \u2013 71<br \/>\n60329 Frankfurt<br \/>\nPhone +49-(0)69-75608750<br \/>\nFax +49-(0)69-75608791<\/p>\n<div class=\"sm-icon-row\"> <\/div>\n<\/div>\n<\/div>\n<p><\/p>","protected":false},"excerpt":{"rendered":"<p>Dr. Dennis Eifert (Partner) Attorney at law and notary public Dr. Dennis Eifert studied law in Frankfurt am Main and at Keele University (England). He has been licensed as an attorney since 2007 and as a notary public since 2013. Before joining Schr\u00f6der &amp; Busse, he completed his internship with a large international law firm &hellip; <\/p>\n<p class=\"link-more\"><a href=\"https:\/\/www.schroederbusse.de\/en\/sozietaet\/dr-dennis-eifert\/\" class=\"more-link\">Continue reading<span class=\"screen-reader-text\"> &#8220;Dr. Dennis Eifert&#8221;<\/span><\/a><\/p>\n","protected":false},"author":2,"featured_media":0,"parent":27,"menu_order":0,"comment_status":"closed","ping_status":"closed","template":"","meta":{"footnotes":""},"class_list":["post-2","page","type-page","status-publish","hentry"],"yoast_head":"<!-- This site is optimized with the Yoast SEO plugin v27.5 - https:\/\/yoast.com\/product\/yoast-seo-wordpress\/ -->\n<title>Dr. Dennis Eifert - Schr\u00f6der &amp; Busse Rechtsanw\u00e4ltin Milkica Romic,Rechtsanwalt Schr\u00f6der &amp; Busse<\/title>\n<meta name=\"description\" content=\"Rechtsanw\u00e4ltin, Rechtsanw\u00e4lte und Notar Schr\u00f6der und Busse, Rechtsanw\u00e4ltin f\u00fcr Familienrecht, Arbeitsrecht, Mietrecht; Rechtsanw\u00e4ltin in Frankfurt am Main, Rechtsberatung in Serbisch, Kroatisch, Bosnisch\" \/>\n<meta name=\"robots\" content=\"index, follow, max-snippet:-1, max-image-preview:large, max-video-preview:-1\" \/>\n<link rel=\"canonical\" href=\"https:\/\/www.schroederbusse.de\/sozietaet\/dr-dennis-eifert\/\" \/>\n<meta property=\"og:locale\" content=\"en_US\" \/>\n<meta property=\"og:type\" content=\"article\" \/>\n<meta property=\"og:title\" content=\"Dr. Dennis Eifert - Schr\u00f6der &amp; Busse Rechtsanw\u00e4ltin Milkica Romic,Rechtsanwalt Schr\u00f6der &amp; Busse\" \/>\n<meta property=\"og:description\" content=\"Rechtsanw\u00e4ltin, Rechtsanw\u00e4lte und Notar Schr\u00f6der und Busse, Rechtsanw\u00e4ltin f\u00fcr Familienrecht, Arbeitsrecht, Mietrecht; Rechtsanw\u00e4ltin in Frankfurt am Main, Rechtsberatung in Serbisch, Kroatisch, Bosnisch\" \/>\n<meta property=\"og:url\" content=\"https:\/\/www.schroederbusse.de\/sozietaet\/dr-dennis-eifert\/\" \/>\n<meta property=\"og:site_name\" content=\"Schr\u00f6der &amp; Busse\" \/>\n<meta property=\"article:modified_time\" content=\"2020-11-27T09:16:25+00:00\" \/>\n<meta property=\"og:image\" content=\"https:\/\/www.schroederbusse.de\/wp-content\/uploads\/2017\/10\/DrDennisEifert.jpg\" \/>\n<meta name=\"twitter:card\" content=\"summary_large_image\" \/>\n<meta name=\"twitter:label1\" content=\"Est. reading time\" \/>\n\t<meta name=\"twitter:data1\" content=\"2 minutes\" \/>\n<script type=\"application\/ld+json\" class=\"yoast-schema-graph\">{\"@context\":\"https:\\\/\\\/schema.org\",\"@graph\":[{\"@type\":\"WebPage\",\"@id\":\"https:\\\/\\\/www.schroederbusse.de\\\/sozietaet\\\/dr-dennis-eifert\\\/\",\"url\":\"https:\\\/\\\/www.schroederbusse.de\\\/sozietaet\\\/dr-dennis-eifert\\\/\",\"name\":\"Dr. Dennis Eifert - Schr\u00f6der &amp; Busse Rechtsanw\u00e4ltin Milkica Romic,Rechtsanwalt Schr\u00f6der & Busse\",\"isPartOf\":{\"@id\":\"https:\\\/\\\/www.schroederbusse.de\\\/#website\"},\"primaryImageOfPage\":{\"@id\":\"https:\\\/\\\/www.schroederbusse.de\\\/sozietaet\\\/dr-dennis-eifert\\\/#primaryimage\"},\"image\":{\"@id\":\"https:\\\/\\\/www.schroederbusse.de\\\/sozietaet\\\/dr-dennis-eifert\\\/#primaryimage\"},\"thumbnailUrl\":\"https:\\\/\\\/www.schroederbusse.de\\\/wp-content\\\/uploads\\\/2017\\\/10\\\/DrDennisEifert.jpg\",\"datePublished\":\"2017-07-06T10:03:58+00:00\",\"dateModified\":\"2020-11-27T09:16:25+00:00\",\"description\":\"Rechtsanw\u00e4ltin, Rechtsanw\u00e4lte und Notar Schr\u00f6der und Busse, Rechtsanw\u00e4ltin f\u00fcr Familienrecht, Arbeitsrecht, Mietrecht; Rechtsanw\u00e4ltin in Frankfurt am Main, Rechtsberatung in Serbisch, Kroatisch, Bosnisch\",\"breadcrumb\":{\"@id\":\"https:\\\/\\\/www.schroederbusse.de\\\/sozietaet\\\/dr-dennis-eifert\\\/#breadcrumb\"},\"inLanguage\":\"en-US\",\"potentialAction\":[{\"@type\":\"ReadAction\",\"target\":[\"https:\\\/\\\/www.schroederbusse.de\\\/sozietaet\\\/dr-dennis-eifert\\\/\"]}]},{\"@type\":\"ImageObject\",\"inLanguage\":\"en-US\",\"@id\":\"https:\\\/\\\/www.schroederbusse.de\\\/sozietaet\\\/dr-dennis-eifert\\\/#primaryimage\",\"url\":\"https:\\\/\\\/www.schroederbusse.de\\\/wp-content\\\/uploads\\\/2017\\\/10\\\/DrDennisEifert.jpg\",\"contentUrl\":\"https:\\\/\\\/www.schroederbusse.de\\\/wp-content\\\/uploads\\\/2017\\\/10\\\/DrDennisEifert.jpg\"},{\"@type\":\"BreadcrumbList\",\"@id\":\"https:\\\/\\\/www.schroederbusse.de\\\/sozietaet\\\/dr-dennis-eifert\\\/#breadcrumb\",\"itemListElement\":[{\"@type\":\"ListItem\",\"position\":1,\"name\":\"Startseite\",\"item\":\"https:\\\/\\\/www.schroederbusse.de\\\/\"},{\"@type\":\"ListItem\",\"position\":2,\"name\":\"Soziet\u00e4t\",\"item\":\"https:\\\/\\\/www.schroederbusse.de\\\/sozietaet\\\/\"},{\"@type\":\"ListItem\",\"position\":3,\"name\":\"Dr. Dennis Eifert\"}]},{\"@type\":\"WebSite\",\"@id\":\"https:\\\/\\\/www.schroederbusse.de\\\/#website\",\"url\":\"https:\\\/\\\/www.schroederbusse.de\\\/\",\"name\":\"Schr\u00f6der &amp; Busse\",\"description\":\"Rechtsanw\u00e4lte und Notar\",\"publisher\":{\"@id\":\"https:\\\/\\\/www.schroederbusse.de\\\/#organization\"},\"potentialAction\":[{\"@type\":\"SearchAction\",\"target\":{\"@type\":\"EntryPoint\",\"urlTemplate\":\"https:\\\/\\\/www.schroederbusse.de\\\/?s={search_term_string}\"},\"query-input\":{\"@type\":\"PropertyValueSpecification\",\"valueRequired\":true,\"valueName\":\"search_term_string\"}}],\"inLanguage\":\"en-US\"},{\"@type\":\"Organization\",\"@id\":\"https:\\\/\\\/www.schroederbusse.de\\\/#organization\",\"name\":\"Schr\u00f6der und Busse\",\"url\":\"https:\\\/\\\/www.schroederbusse.de\\\/\",\"logo\":{\"@type\":\"ImageObject\",\"inLanguage\":\"en-US\",\"@id\":\"https:\\\/\\\/www.schroederbusse.de\\\/#\\\/schema\\\/logo\\\/image\\\/\",\"url\":\"https:\\\/\\\/www.schroederbusse.de\\\/wp-content\\\/uploads\\\/2017\\\/09\\\/logo.png\",\"contentUrl\":\"https:\\\/\\\/www.schroederbusse.de\\\/wp-content\\\/uploads\\\/2017\\\/09\\\/logo.png\",\"width\":466,\"height\":84,\"caption\":\"Schr\u00f6der und Busse\"},\"image\":{\"@id\":\"https:\\\/\\\/www.schroederbusse.de\\\/#\\\/schema\\\/logo\\\/image\\\/\"}}]}<\/script>\n<!-- \/ Yoast SEO plugin. -->","yoast_head_json":{"title":"Dr. Dennis Eifert - Schr\u00f6der &amp; Busse Rechtsanw\u00e4ltin Milkica Romic,Rechtsanwalt Schr\u00f6der & Busse","description":"Rechtsanw\u00e4ltin, Rechtsanw\u00e4lte und Notar Schr\u00f6der und Busse, Rechtsanw\u00e4ltin f\u00fcr Familienrecht, Arbeitsrecht, Mietrecht; Rechtsanw\u00e4ltin in Frankfurt am Main, Rechtsberatung in Serbisch, Kroatisch, Bosnisch","robots":{"index":"index","follow":"follow","max-snippet":"max-snippet:-1","max-image-preview":"max-image-preview:large","max-video-preview":"max-video-preview:-1"},"canonical":"https:\/\/www.schroederbusse.de\/sozietaet\/dr-dennis-eifert\/","og_locale":"en_US","og_type":"article","og_title":"Dr. Dennis Eifert - Schr\u00f6der &amp; Busse Rechtsanw\u00e4ltin Milkica Romic,Rechtsanwalt Schr\u00f6der & Busse","og_description":"Rechtsanw\u00e4ltin, Rechtsanw\u00e4lte und Notar Schr\u00f6der und Busse, Rechtsanw\u00e4ltin f\u00fcr Familienrecht, Arbeitsrecht, Mietrecht; Rechtsanw\u00e4ltin in Frankfurt am Main, Rechtsberatung in Serbisch, Kroatisch, Bosnisch","og_url":"https:\/\/www.schroederbusse.de\/sozietaet\/dr-dennis-eifert\/","og_site_name":"Schr\u00f6der &amp; Busse","article_modified_time":"2020-11-27T09:16:25+00:00","og_image":[{"url":"https:\/\/www.schroederbusse.de\/wp-content\/uploads\/2017\/10\/DrDennisEifert.jpg","type":"","width":"","height":""}],"twitter_card":"summary_large_image","twitter_misc":{"Est. reading time":"2 minutes"},"schema":{"@context":"https:\/\/schema.org","@graph":[{"@type":"WebPage","@id":"https:\/\/www.schroederbusse.de\/sozietaet\/dr-dennis-eifert\/","url":"https:\/\/www.schroederbusse.de\/sozietaet\/dr-dennis-eifert\/","name":"Dr. Dennis Eifert - Schr\u00f6der &amp; Busse Rechtsanw\u00e4ltin Milkica Romic,Rechtsanwalt Schr\u00f6der & Busse","isPartOf":{"@id":"https:\/\/www.schroederbusse.de\/#website"},"primaryImageOfPage":{"@id":"https:\/\/www.schroederbusse.de\/sozietaet\/dr-dennis-eifert\/#primaryimage"},"image":{"@id":"https:\/\/www.schroederbusse.de\/sozietaet\/dr-dennis-eifert\/#primaryimage"},"thumbnailUrl":"https:\/\/www.schroederbusse.de\/wp-content\/uploads\/2017\/10\/DrDennisEifert.jpg","datePublished":"2017-07-06T10:03:58+00:00","dateModified":"2020-11-27T09:16:25+00:00","description":"Rechtsanw\u00e4ltin, Rechtsanw\u00e4lte und Notar Schr\u00f6der und Busse, Rechtsanw\u00e4ltin f\u00fcr Familienrecht, Arbeitsrecht, Mietrecht; Rechtsanw\u00e4ltin in Frankfurt am Main, Rechtsberatung in Serbisch, Kroatisch, Bosnisch","breadcrumb":{"@id":"https:\/\/www.schroederbusse.de\/sozietaet\/dr-dennis-eifert\/#breadcrumb"},"inLanguage":"en-US","potentialAction":[{"@type":"ReadAction","target":["https:\/\/www.schroederbusse.de\/sozietaet\/dr-dennis-eifert\/"]}]},{"@type":"ImageObject","inLanguage":"en-US","@id":"https:\/\/www.schroederbusse.de\/sozietaet\/dr-dennis-eifert\/#primaryimage","url":"https:\/\/www.schroederbusse.de\/wp-content\/uploads\/2017\/10\/DrDennisEifert.jpg","contentUrl":"https:\/\/www.schroederbusse.de\/wp-content\/uploads\/2017\/10\/DrDennisEifert.jpg"},{"@type":"BreadcrumbList","@id":"https:\/\/www.schroederbusse.de\/sozietaet\/dr-dennis-eifert\/#breadcrumb","itemListElement":[{"@type":"ListItem","position":1,"name":"Startseite","item":"https:\/\/www.schroederbusse.de\/"},{"@type":"ListItem","position":2,"name":"Soziet\u00e4t","item":"https:\/\/www.schroederbusse.de\/sozietaet\/"},{"@type":"ListItem","position":3,"name":"Dr. Dennis Eifert"}]},{"@type":"WebSite","@id":"https:\/\/www.schroederbusse.de\/#website","url":"https:\/\/www.schroederbusse.de\/","name":"Schr\u00f6der &amp; Busse","description":"Rechtsanw\u00e4lte und Notar","publisher":{"@id":"https:\/\/www.schroederbusse.de\/#organization"},"potentialAction":[{"@type":"SearchAction","target":{"@type":"EntryPoint","urlTemplate":"https:\/\/www.schroederbusse.de\/?s={search_term_string}"},"query-input":{"@type":"PropertyValueSpecification","valueRequired":true,"valueName":"search_term_string"}}],"inLanguage":"en-US"},{"@type":"Organization","@id":"https:\/\/www.schroederbusse.de\/#organization","name":"Schr\u00f6der und Busse","url":"https:\/\/www.schroederbusse.de\/","logo":{"@type":"ImageObject","inLanguage":"en-US","@id":"https:\/\/www.schroederbusse.de\/#\/schema\/logo\/image\/","url":"https:\/\/www.schroederbusse.de\/wp-content\/uploads\/2017\/09\/logo.png","contentUrl":"https:\/\/www.schroederbusse.de\/wp-content\/uploads\/2017\/09\/logo.png","width":466,"height":84,"caption":"Schr\u00f6der und Busse"},"image":{"@id":"https:\/\/www.schroederbusse.de\/#\/schema\/logo\/image\/"}}]}},"_links":{"self":[{"href":"https:\/\/www.schroederbusse.de\/en\/wp-json\/wp\/v2\/pages\/2","targetHints":{"allow":["GET"]}}],"collection":[{"href":"https:\/\/www.schroederbusse.de\/en\/wp-json\/wp\/v2\/pages"}],"about":[{"href":"https:\/\/www.schroederbusse.de\/en\/wp-json\/wp\/v2\/types\/page"}],"author":[{"embeddable":true,"href":"https:\/\/www.schroederbusse.de\/en\/wp-json\/wp\/v2\/users\/2"}],"replies":[{"embeddable":true,"href":"https:\/\/www.schroederbusse.de\/en\/wp-json\/wp\/v2\/comments?post=2"}],"version-history":[{"count":47,"href":"https:\/\/www.schroederbusse.de\/en\/wp-json\/wp\/v2\/pages\/2\/revisions"}],"predecessor-version":[{"id":558,"href":"https:\/\/www.schroederbusse.de\/en\/wp-json\/wp\/v2\/pages\/2\/revisions\/558"}],"up":[{"embeddable":true,"href":"https:\/\/www.schroederbusse.de\/en\/wp-json\/wp\/v2\/pages\/27"}],"wp:attachment":[{"href":"https:\/\/www.schroederbusse.de\/en\/wp-json\/wp\/v2\/media?parent=2"}],"curies":[{"name":"wp","href":"https:\/\/api.w.org\/{rel}","templated":true}]}}